{"id":1758,"date":"2026-03-20T16:17:17","date_gmt":"2026-03-20T16:17:17","guid":{"rendered":"https:\/\/rentalkovo.com\/sk\/?page_id=1758"},"modified":"2026-04-04T10:44:37","modified_gmt":"2026-04-04T10:44:37","slug":"co-ti-ponukame","status":"publish","type":"page","link":"https:\/\/rentalkovo.com\/sk\/co-ti-ponukame\/","title":{"rendered":"\u010co ti pon\u00fakame"},"content":{"rendered":"\n<ul class=\"wp-block-list\">\n<li><strong>Vlastn\u00e1 webstr\u00e1nka Tvojej nehnute\u013enosti<\/strong> \u2013 profesion\u00e1lna prezent\u00e1cia, ktor\u00fa m\u00f4\u017ee\u0161 jednoducho zdie\u013ea\u0165.<\/li>\n\n\n\n<li><strong>Kompletn\u00fd preh\u013ead inform\u00e1ci\u00ed<\/strong> \u2013 v\u0161etko d\u00f4le\u017eit\u00e9 o nehnute\u013enosti m\u00e1\u0161 pohromade.<\/li>\n\n\n\n<li><strong>Mo\u017enos\u0165 inzerovania<\/strong> \u2013 vytvor si inzer\u00e1t r\u00fdchlo a jednoducho.<\/li>\n\n\n\n<li><strong>V\u00fdber z\u00e1ujemcov pod\u013ea Tvojich krit\u00e9ri\u00ed<\/strong> \u2013 s\u00e1m si ur\u010d\u00ed\u0161, kto sa Ti m\u00f4\u017ee ozva\u0165.<\/li>\n\n\n\n<li><strong>Overenie n\u00e1jomcov v registroch<\/strong> \u2013 zn\u00ed\u017ei\u0161 riziko probl\u00e9mov\u00fdch n\u00e1jomn\u00edkov.<\/li>\n\n\n\n<li><strong>Automatick\u00e1 pr\u00edprava n\u00e1jomnej zmluvy<\/strong> \u2013 r\u00fdchlo, jednoducho a pr\u00e1vne v poriadku.<\/li>\n\n\n\n<li><strong>Preh\u013ead n\u00e1jomcov<\/strong> \u2013 maj v\u017edy poruke inform\u00e1cie o aktu\u00e1lnych aj b\u00fdval\u00fdch n\u00e1jomcoch.<\/li>\n\n\n\n<li><strong>Recenzie n\u00e1jomcov<\/strong> \u2013 z\u00edska\u0161 sp\u00e4tn\u00fa v\u00e4zbu od t\u00fdch, ktor\u00ed u\u017e u Teba b\u00fdvali.<\/li>\n\n\n\n<li><strong>Evidencia dokumentov<\/strong> \u2013 v\u0161etky zmluvy a doklady m\u00e1\u0161 preh\u013eadne ulo\u017een\u00e9.<\/li>\n\n\n\n<li><strong>Preh\u013ead financi\u00ed<\/strong> &#8211; &nbsp;Zaznamenaj si v\u0161etky pr\u00edjmy a v\u00fddavky a maj okam\u017eit\u00fd preh\u013ead o ziskovosti svojho pren\u00e1jmu.<\/li>\n<\/ul>\n\n\n\n<h3 class=\"wp-block-heading\" id=\"prvetartujemeapretommepretebadarek\">Pr\u00e1ve \u0161tartujeme a preto m\u00e1me pre Teba dar\u010dek<\/h3>\n\n\n\n<p>Tvor\u00edme pre Teba platformu, ktor\u00e1 zmen\u00ed sp\u00f4sob, ak\u00fdm pracuje\u0161 s nehnute\u013enos\u0165ami a chceme, aby si bol pri tom od za\u010diatku. Str\u00e1nka je teraz v sk\u00fa\u0161obnej prev\u00e1dzke a Ty m\u00e1\u0161 po\u010das tohto obdobia pr\u00edstup ku v\u0161etk\u00fdm funkci\u00e1m Rentalkova <strong><a href=\"https:\/\/app.rentalkovo.com\/page\/sk\/properties\/app.html\">\u00faplne zadarmo!<\/a><\/strong> Vyu\u017ei t\u00fato jedine\u010dn\u00fa pr\u00edle\u017eitos\u0165 naplno, bez ak\u00fdchko\u013evek poplatkov.<\/p>\n","protected":false},"excerpt":{"rendered":"<p>Pr\u00e1ve \u0161tartujeme a preto m\u00e1me pre Teba dar\u010dek Tvor\u00edme pre Teba platformu, ktor\u00e1 zmen\u00ed sp\u00f4sob, ak\u00fdm pracuje\u0161 s nehnute\u013enos\u0165ami a chceme, aby si bol pri tom od za\u010diatku. Str\u00e1nka je teraz v sk\u00fa\u0161obnej prev\u00e1dzke a Ty m\u00e1\u0161 po\u010das tohto obdobia pr\u00edstup ku v\u0161etk\u00fdm funkci\u00e1m Rentalkova \u00faplne zadarmo! Vyu\u017ei t\u00fato jedine\u010dn\u00fa pr\u00edle\u017eitos\u0165 naplno, bez ak\u00fdchko\u013evek poplatkov.<\/p>\n","protected":false},"author":5,"featured_media":1485,"parent":0,"menu_order":0,"comment_status":"closed","ping_status":"closed","template":"pages-without-blog","meta":{"footnotes":""},"class_list":["post-1758","page","type-page","status-publish","has-post-thumbnail","hentry"],"_links":{"self":[{"href":"https:\/\/rentalkovo.com\/sk\/wp-json\/wp\/v2\/pages\/1758","targetHints":{"allow":["GET"]}}],"collection":[{"href":"https:\/\/rentalkovo.com\/sk\/wp-json\/wp\/v2\/pages"}],"about":[{"href":"https:\/\/rentalkovo.com\/sk\/wp-json\/wp\/v2\/types\/page"}],"author":[{"embeddable":true,"href":"https:\/\/rentalkovo.com\/sk\/wp-json\/wp\/v2\/users\/5"}],"replies":[{"embeddable":true,"href":"https:\/\/rentalkovo.com\/sk\/wp-json\/wp\/v2\/comments?post=1758"}],"version-history":[{"count":5,"href":"https:\/\/rentalkovo.com\/sk\/wp-json\/wp\/v2\/pages\/1758\/revisions"}],"predecessor-version":[{"id":2039,"href":"https:\/\/rentalkovo.com\/sk\/wp-json\/wp\/v2\/pages\/1758\/revisions\/2039"}],"wp:featuredmedia":[{"embeddable":true,"href":"https:\/\/rentalkovo.com\/sk\/wp-json\/wp\/v2\/media\/1485"}],"wp:attachment":[{"href":"https:\/\/rentalkovo.com\/sk\/wp-json\/wp\/v2\/media?parent=1758"}],"curies":[{"name":"wp","href":"https:\/\/api.w.org\/{rel}","templated":true}]}}