{"id":1750,"date":"2026-03-20T16:07:30","date_gmt":"2026-03-20T16:07:30","guid":{"rendered":"https:\/\/rentalkovo.com\/en\/?page_id=1750"},"modified":"2026-03-23T13:47:36","modified_gmt":"2026-03-23T13:47:36","slug":"our-story","status":"publish","type":"page","link":"https:\/\/rentalkovo.com\/sk\/our-story\/","title":{"rendered":"N\u00e1\u0161 pr\u00edbeh"},"content":{"rendered":"\n<p>Sme Evka a Jo\u017eko. Spoznali sme sa pri rekon\u0161trukcii dobrovo\u013en\u00edckej kaviarne v na\u0161om meste. Sp\u00e1jala n\u00e1s farba vo vlasoch, ruky od omietky, ve\u013ea pr\u00e1ce a m\u00e1lo \u010dasu. U\u017e vtedy sme h\u013eadali rie\u0161enia, ktor\u00e9 bud\u00fa nielen pekn\u00e9, ale aj funk\u010dn\u00e9, udr\u017eate\u013en\u00e9 a dlhodobo zmyslupln\u00e9. D\u00f4raz na detail, poctiv\u00fa pr\u00e1cu a praktickos\u0165 sa stal z\u00e1kladom n\u00e1\u0161ho pr\u00edstupu \u2013 nielen k pr\u00e1ci, ale aj k \u017eivotu.<\/p>\n\n\n\n<p>Evka sa vo svete pren\u00e1jmov pohybuje takmer 25 rokov. Vie \u010d\u00edta\u0165 priestory, vidie\u0165 ich potenci\u00e1l a navrhova\u0165 rie\u0161enia, ktor\u00e9 funguj\u00fa dnes aj o nieko\u013eko rokov. Jo\u017eko tieto v\u00edzie premie\u0148a na realitu. Je technicky zru\u010dn\u00fd, systematick\u00fd a dotiahne veci do detailu. Spolu tvor\u00edme prirodzen\u00fd t\u00edm, v ktorom sa stret\u00e1va estetika s funk\u010dnos\u0165ou.<\/p>\n\n\n\n<p>Ke\u010f sme sa sami pustili do prenaj\u00edmania, r\u00fdchlo sme pochopili, \u017ee svet pren\u00e1jmov je \u010dasto chaotick\u00fd a nepreh\u013eadn\u00fd. N\u00e1jomn\u00edkov dok\u00e1zali doja\u0165 aj zdanlivo mal\u00e9 veci, ako \u010derstvo vyma\u013eovan\u00fd byt \u010di \u00faprimn\u00fd z\u00e1ujem majite\u013ea. Z\u00e1rove\u0148 sme za\u017eili nepochopenie v\u00fdznamu depozitu, zml\u00fav \u010di z\u00e1kladnej starostlivosti o majetok. Pom\u00e1hali sme vyprat\u00e1va\u0165 vyb\u00fdvan\u00e9 byty, rie\u0161ili opravy, \u0161kody a neporiadok. Uvedomili sme si, \u017ee slu\u0161n\u00ed prenaj\u00edmatelia aj slu\u0161n\u00ed n\u00e1jomn\u00edci \u010dasto nemaj\u00fa sp\u00f4sob, ako sa navz\u00e1jom rozpozna\u0165 a nastavi\u0165 f\u00e9rov\u00e9 pravidl\u00e1.<\/p>\n\n\n\n<p>O t\u00fdchto sk\u00fasenostiach sme sa rozpr\u00e1vali ve\u010der \u010do ve\u010der. H\u013eadali sme syst\u00e9m, poriadok a n\u00e1stroj, ktor\u00fd by prenaj\u00edmanie zjednodu\u0161il. Ch\u00fdbalo n\u00e1m nie\u010do, \u010do je dnes be\u017en\u00e9 pri hoteloch, slu\u017eb\u00e1ch \u010di produktoch \u2013 preh\u013ead, hodnotenie a jasn\u00e9 inform\u00e1cie.<\/p>\n\n\n\n<p>Medzit\u00fdm sme sa stali rodi\u010dmi troch det\u00ed a na\u0161e ve\u010dern\u00e9 debaty sa pretavili do konkr\u00e9tneho rie\u0161enia. Vzniklo Rentalkovo. Spolu s kamar\u00e1tmi sme za\u010dali vytv\u00e1ra\u0165 n\u00e1stroj, ktor\u00fd pom\u00e1ha prenaj\u00edmate\u013eom ma\u0165 v\u0161etko d\u00f4le\u017eit\u00e9 pokope. Preh\u013ead o zmluv\u00e1ch, vybaven\u00ed bytov, n\u00e1jomn\u00edkoch, oprav\u00e1ch, \u00faloh\u00e1ch aj financi\u00e1ch. Jeden pren\u00e1jom si \u010dlovek e\u0161te ustr\u00e1\u017ei v zo\u0161ite alebo v Exceli, no pri viacer\u00fdch sa chaos r\u00fdchlo zn\u00e1sob\u00ed.<\/p>\n\n\n\n<p>Rentalkovo vzniklo preto, aby prenaj\u00edmate\u013eom prinieslo pokoj, poriadok a istotu. Aby mali preh\u013ead, menej stresu a viac \u010dasu. Aby sa mohli rozhodova\u0165 na z\u00e1klade d\u00e1t, nie pocitov, a budova\u0165 f\u00e9rov\u00e9 a dlhodobo funk\u010dn\u00e9 vz\u0165ahy s n\u00e1jomn\u00edkmi. Rob\u00edme ho ako \u013eudia, ktor\u00ed si t\u00fdm v\u0161etk\u00fdm sami pre\u0161li. Ver\u00edme, \u017ee ke\u010f sa spoj\u00ed dobr\u00fd \u00famysel, syst\u00e9m a f\u00e9rov\u00fd pr\u00edstup, prenaj\u00edmanie m\u00f4\u017ee fungova\u0165 lep\u0161ie pre v\u0161etk\u00fdch.<\/p>\n","protected":false},"excerpt":{"rendered":"<p>Sme Evka a Jo\u017eko. Spoznali sme sa pri rekon\u0161trukcii dobrovo\u013en\u00edckej kaviarne v na\u0161om meste. Sp\u00e1jala n\u00e1s farba vo vlasoch, ruky od omietky, ve\u013ea pr\u00e1ce a m\u00e1lo \u010dasu. U\u017e vtedy sme h\u013eadali rie\u0161enia, ktor\u00e9 bud\u00fa nielen pekn\u00e9, ale aj funk\u010dn\u00e9, udr\u017eate\u013en\u00e9 a dlhodobo zmyslupln\u00e9. D\u00f4raz na detail, poctiv\u00fa pr\u00e1cu a praktickos\u0165 sa stal z\u00e1kladom n\u00e1\u0161ho pr\u00edstupu [&hellip;]<\/p>\n","protected":false},"author":5,"featured_media":1480,"parent":0,"menu_order":0,"comment_status":"closed","ping_status":"closed","template":"pages-without-blog","meta":{"footnotes":""},"class_list":["post-1750","page","type-page","status-publish","has-post-thumbnail","hentry"],"_links":{"self":[{"href":"https:\/\/rentalkovo.com\/sk\/wp-json\/wp\/v2\/pages\/1750","targetHints":{"allow":["GET"]}}],"collection":[{"href":"https:\/\/rentalkovo.com\/sk\/wp-json\/wp\/v2\/pages"}],"about":[{"href":"https:\/\/rentalkovo.com\/sk\/wp-json\/wp\/v2\/types\/page"}],"author":[{"embeddable":true,"href":"https:\/\/rentalkovo.com\/sk\/wp-json\/wp\/v2\/users\/5"}],"replies":[{"embeddable":true,"href":"https:\/\/rentalkovo.com\/sk\/wp-json\/wp\/v2\/comments?post=1750"}],"version-history":[{"count":2,"href":"https:\/\/rentalkovo.com\/sk\/wp-json\/wp\/v2\/pages\/1750\/revisions"}],"predecessor-version":[{"id":1752,"href":"https:\/\/rentalkovo.com\/sk\/wp-json\/wp\/v2\/pages\/1750\/revisions\/1752"}],"wp:featuredmedia":[{"embeddable":true,"href":"https:\/\/rentalkovo.com\/sk\/wp-json\/wp\/v2\/media\/1480"}],"wp:attachment":[{"href":"https:\/\/rentalkovo.com\/sk\/wp-json\/wp\/v2\/media?parent=1750"}],"curies":[{"name":"wp","href":"https:\/\/api.w.org\/{rel}","templated":true}]}}