{"id":1722,"date":"2026-03-20T08:10:04","date_gmt":"2026-03-20T08:10:04","guid":{"rendered":"https:\/\/rentalkovo.com\/en\/?page_id=1722"},"modified":"2026-04-04T10:32:09","modified_gmt":"2026-04-04T10:32:09","slug":"kontakt","status":"publish","type":"page","link":"https:\/\/rentalkovo.com\/sk\/kontakt\/","title":{"rendered":"Kontakt"},"content":{"rendered":"\n<p>Te\u0161\u00ed n\u00e1s, \u017ee Ti m\u00f4\u017eeme predstavi\u0165 Rentalkovo, ktor\u00e9 je moment\u00e1lne v sk\u00fa\u0161obnej prev\u00e1dzke. Chceme Ti prinies\u0165 \u010do najlep\u0161ie slu\u017eby a preto v tejto f\u00e1ze webstr\u00e1nku starostlivo optimalizujeme.<\/p>\n\n\n\n<p>Zaregistruj sa a pom\u00f4\u017e n\u00e1m aj Ty s testovan\u00edm. Tvoja sp\u00e4tn\u00e1 v\u00e4zba je pre n\u00e1s nesmierne cenn\u00e1. Ak m\u00e1\u0161 ak\u00e9ko\u013evek n\u00e1vrhy na zlep\u0161enie, nev\u00e1haj sa na n\u00e1s obr\u00e1ti\u0165.<\/p>\n\n\n\n<p>Z\u00e1kladn\u00e9 ot\u00e1zky s\u00fa zodpovedan\u00e9 v \u010dasti <a href=\"https:\/\/rentalkovo.com\/sk\/otazky-a-odpovede\/\">Ot\u00e1zky a odpovede<\/a>. V\u0161etky \u010fal\u0161ie ot\u00e1zky Ti radi zodpovieme priamo na adrese <strong><a href=\"mailto:info@rentalkovo.com\">info@rentalkovo.com<\/a><\/strong>.<\/p>\n\n\n\n<p>Pom\u00f4\u017e n\u00e1m formova\u0165 Rentalkovo tak, aby dokonale vyhovovalo Tvojim potreb\u00e1m!<\/p>\n","protected":false},"excerpt":{"rendered":"<p>Te\u0161\u00ed n\u00e1s, \u017ee Ti m\u00f4\u017eeme predstavi\u0165 Rentalkovo, ktor\u00e9 je moment\u00e1lne v sk\u00fa\u0161obnej prev\u00e1dzke. Chceme Ti prinies\u0165 \u010do najlep\u0161ie slu\u017eby a preto v tejto f\u00e1ze webstr\u00e1nku starostlivo optimalizujeme. Zaregistruj sa a pom\u00f4\u017e n\u00e1m aj Ty s testovan\u00edm. Tvoja sp\u00e4tn\u00e1 v\u00e4zba je pre n\u00e1s nesmierne cenn\u00e1. Ak m\u00e1\u0161 ak\u00e9ko\u013evek n\u00e1vrhy na zlep\u0161enie, nev\u00e1haj sa na n\u00e1s obr\u00e1ti\u0165. [&hellip;]<\/p>\n","protected":false},"author":5,"featured_media":1510,"parent":0,"menu_order":0,"comment_status":"closed","ping_status":"closed","template":"pages-without-blog","meta":{"footnotes":""},"class_list":["post-1722","page","type-page","status-publish","has-post-thumbnail","hentry"],"_links":{"self":[{"href":"https:\/\/rentalkovo.com\/sk\/wp-json\/wp\/v2\/pages\/1722","targetHints":{"allow":["GET"]}}],"collection":[{"href":"https:\/\/rentalkovo.com\/sk\/wp-json\/wp\/v2\/pages"}],"about":[{"href":"https:\/\/rentalkovo.com\/sk\/wp-json\/wp\/v2\/types\/page"}],"author":[{"embeddable":true,"href":"https:\/\/rentalkovo.com\/sk\/wp-json\/wp\/v2\/users\/5"}],"replies":[{"embeddable":true,"href":"https:\/\/rentalkovo.com\/sk\/wp-json\/wp\/v2\/comments?post=1722"}],"version-history":[{"count":7,"href":"https:\/\/rentalkovo.com\/sk\/wp-json\/wp\/v2\/pages\/1722\/revisions"}],"predecessor-version":[{"id":1867,"href":"https:\/\/rentalkovo.com\/sk\/wp-json\/wp\/v2\/pages\/1722\/revisions\/1867"}],"wp:featuredmedia":[{"embeddable":true,"href":"https:\/\/rentalkovo.com\/sk\/wp-json\/wp\/v2\/media\/1510"}],"wp:attachment":[{"href":"https:\/\/rentalkovo.com\/sk\/wp-json\/wp\/v2\/media?parent=1722"}],"curies":[{"name":"wp","href":"https:\/\/api.w.org\/{rel}","templated":true}]}}