{"id":1486,"date":"2026-03-02T13:27:30","date_gmt":"2026-03-02T13:27:30","guid":{"rendered":"https:\/\/rentalkovo.com\/en\/?page_id=1486"},"modified":"2026-03-24T14:40:54","modified_gmt":"2026-03-24T14:40:54","slug":"blog","status":"publish","type":"page","link":"https:\/\/rentalkovo.com\/sk\/blog\/","title":{"rendered":"Blog"},"content":{"rendered":"\n<h1 class=\"wp-block-heading has-text-align-center\" style=\"margin-top:53px;margin-bottom:0px\">Blog<\/h1>\n\n\n\n<div class=\"wp-block-group alignfull blog-section is-layout-constrained wp-block-group-is-layout-constrained\"><ul class=\"wp-block-latest-posts__list rentalkovo-blog-list wp-block-latest-posts\"><li><div class=\"wp-block-latest-posts__featured-image alignleft\"><a href=\"https:\/\/rentalkovo.com\/sk\/furnish\/\" aria-label=\"Ako zariadi\u0165 pren\u00e1jom, ktor\u00fd zaujme\"><img loading=\"lazy\" decoding=\"async\" width=\"300\" height=\"122\" src=\"https:\/\/rentalkovo.com\/wp-content\/uploads\/2025\/11\/hero-300x122.jpeg\" class=\"attachment-medium size-medium wp-post-image\" alt=\"\" style=\"\" srcset=\"https:\/\/rentalkovo.com\/wp-content\/uploads\/2025\/11\/hero-300x122.jpeg 300w, https:\/\/rentalkovo.com\/wp-content\/uploads\/2025\/11\/hero-768x312.jpeg 768w, https:\/\/rentalkovo.com\/wp-content\/uploads\/2025\/11\/hero.jpeg 960w\" sizes=\"auto, (max-width: 300px) 100vw, 300px\" \/><\/a><\/div><a class=\"wp-block-latest-posts__post-title\" href=\"https:\/\/rentalkovo.com\/sk\/furnish\/\">Ako zariadi\u0165 pren\u00e1jom, ktor\u00fd zaujme<\/a><div class=\"wp-block-latest-posts__post-excerpt\">Prenaj\u00edmanie bytu nie je len o n\u00e1jden\u00ed n\u00e1jomcu. Je to o vytvoren\u00ed priestoru, ktor\u00fd zaujme na prv\u00fd poh\u013ead a vyvol\u00e1 pocit, \u017ee toto je miesto, kde chce b\u00fdva\u0165. Nemus\u00ed\u0161 investova\u0165\u2026 <a class=\"wp-block-latest-posts__read-more\" href=\"https:\/\/rentalkovo.com\/sk\/furnish\/\" rel=\"noopener noreferrer\">\u010c\u00edta\u0165 viac<span class=\"screen-reader-text\">: Ako zariadi\u0165 pren\u00e1jom, ktor\u00fd zaujme<\/span><\/a><\/div><\/li>\n<li><div class=\"wp-block-latest-posts__featured-image alignleft\"><a href=\"https:\/\/rentalkovo.com\/sk\/stand-out\/\" aria-label=\"Ako sa pri pren\u00e1jme odl\u00ed\u0161i\u0165 v\u010faka detailom\"><img loading=\"lazy\" decoding=\"async\" width=\"300\" height=\"122\" src=\"https:\/\/rentalkovo.com\/wp-content\/uploads\/2025\/06\/hero11-300x122.jpeg\" class=\"attachment-medium size-medium wp-post-image\" alt=\"\" style=\"\" srcset=\"https:\/\/rentalkovo.com\/wp-content\/uploads\/2025\/06\/hero11-300x122.jpeg 300w, https:\/\/rentalkovo.com\/wp-content\/uploads\/2025\/06\/hero11-768x312.jpeg 768w, https:\/\/rentalkovo.com\/wp-content\/uploads\/2025\/06\/hero11.jpeg 960w\" sizes=\"auto, (max-width: 300px) 100vw, 300px\" \/><\/a><\/div><a class=\"wp-block-latest-posts__post-title\" href=\"https:\/\/rentalkovo.com\/sk\/stand-out\/\">Ako sa pri pren\u00e1jme odl\u00ed\u0161i\u0165 v\u010faka detailom<\/a><div class=\"wp-block-latest-posts__post-excerpt\">Zaria\u010fovanie bytu na pren\u00e1jom m\u00f4\u017ee by\u0165 zo za\u010diatku trochu zahlcuj\u00face, najm\u00e4 ak s t\u00fdm nem\u00e1\u0161 sk\u00fasenos\u0165. Dobr\u00e1 spr\u00e1va je, \u017ee funk\u010dn\u00fd a pr\u00edjemn\u00fd byt nevznik\u00e1 v\u010faka vysok\u00e9mu rozpo\u010dtu, ale v\u010faka\u2026 <a class=\"wp-block-latest-posts__read-more\" href=\"https:\/\/rentalkovo.com\/sk\/stand-out\/\" rel=\"noopener noreferrer\">\u010c\u00edta\u0165 viac<span class=\"screen-reader-text\">: Ako sa pri pren\u00e1jme odl\u00ed\u0161i\u0165 v\u010faka detailom<\/span><\/a><\/div><\/li>\n<li><div class=\"wp-block-latest-posts__featured-image alignleft\"><a href=\"https:\/\/rentalkovo.com\/sk\/ako-vytvorit-putavy-profil\/\" aria-label=\"Ako vytvori\u0165 p\u00fatav\u00fd profil svojej nehnute\u013enosti?\"><img loading=\"lazy\" decoding=\"async\" width=\"300\" height=\"122\" src=\"https:\/\/rentalkovo.com\/wp-content\/uploads\/2025\/07\/hero-300x122.jpeg\" class=\"attachment-medium size-medium wp-post-image\" alt=\"\" style=\"\" srcset=\"https:\/\/rentalkovo.com\/wp-content\/uploads\/2025\/07\/hero-300x122.jpeg 300w, https:\/\/rentalkovo.com\/wp-content\/uploads\/2025\/07\/hero-768x312.jpeg 768w, https:\/\/rentalkovo.com\/wp-content\/uploads\/2025\/07\/hero.jpeg 960w\" sizes=\"auto, (max-width: 300px) 100vw, 300px\" \/><\/a><\/div><a class=\"wp-block-latest-posts__post-title\" href=\"https:\/\/rentalkovo.com\/sk\/ako-vytvorit-putavy-profil\/\">Ako vytvori\u0165 p\u00fatav\u00fd profil svojej nehnute\u013enosti?<\/a><div class=\"wp-block-latest-posts__post-excerpt\">Z\u00e1le\u017e\u00ed n\u00e1m na tom, aby Tvoj inzer\u00e1t zaujal hne\u010f na prv\u00fd poh\u013ead, aby si z\u00e1ujemca nad\u0161ene preklik\u00e1val fotografie a po obhliadke c\u00edtil, \u017ee opis skuto\u010dne sed\u00ed s realitou. Ako to\u2026 <a class=\"wp-block-latest-posts__read-more\" href=\"https:\/\/rentalkovo.com\/sk\/ako-vytvorit-putavy-profil\/\" rel=\"noopener noreferrer\">\u010c\u00edta\u0165 viac<span class=\"screen-reader-text\">: Ako vytvori\u0165 p\u00fatav\u00fd profil svojej nehnute\u013enosti?<\/span><\/a><\/div><\/li>\n<li><div class=\"wp-block-latest-posts__featured-image alignleft\"><a href=\"https:\/\/rentalkovo.com\/sk\/right-price\/\" aria-label=\"Spr\u00e1vna cena pren\u00e1jmu je z\u00e1klad \u00faspechu\"><img loading=\"lazy\" decoding=\"async\" width=\"300\" height=\"122\" src=\"https:\/\/rentalkovo.com\/wp-content\/uploads\/2025\/12\/hero-300x122.jpeg\" class=\"attachment-medium size-medium wp-post-image\" alt=\"\" style=\"\" srcset=\"https:\/\/rentalkovo.com\/wp-content\/uploads\/2025\/12\/hero-300x122.jpeg 300w, https:\/\/rentalkovo.com\/wp-content\/uploads\/2025\/12\/hero-768x313.jpeg 768w, https:\/\/rentalkovo.com\/wp-content\/uploads\/2025\/12\/hero.jpeg 958w\" sizes=\"auto, (max-width: 300px) 100vw, 300px\" \/><\/a><\/div><a class=\"wp-block-latest-posts__post-title\" href=\"https:\/\/rentalkovo.com\/sk\/right-price\/\">Spr\u00e1vna cena pren\u00e1jmu je z\u00e1klad \u00faspechu<\/a><div class=\"wp-block-latest-posts__post-excerpt\">Stanovenie spr\u00e1vnej ceny n\u00e1jmu je jedn\u00fdm z najd\u00f4le\u017eitej\u0161\u00edch krokov, ke\u010f chce\u0161 prenaj\u00edma\u0165 svoju nehnute\u013enos\u0165. Ak je cena pr\u00edli\u0161 vysok\u00e1, riskuje\u0161, \u017ee bude\u0161 dlho bez n\u00e1jomn\u00edka, \u010do znamen\u00e1 stratu zisku. Ak\u2026 <a class=\"wp-block-latest-posts__read-more\" href=\"https:\/\/rentalkovo.com\/sk\/right-price\/\" rel=\"noopener noreferrer\">\u010c\u00edta\u0165 viac<span class=\"screen-reader-text\">: Spr\u00e1vna cena pren\u00e1jmu je z\u00e1klad \u00faspechu<\/span><\/a><\/div><\/li>\n<li><div class=\"wp-block-latest-posts__featured-image alignleft\"><a href=\"https:\/\/rentalkovo.com\/sk\/trustworthy\/\" aria-label=\"By\u0165 d\u00f4veryhodn\u00fd\"><img loading=\"lazy\" decoding=\"async\" width=\"300\" height=\"121\" src=\"https:\/\/rentalkovo.com\/wp-content\/uploads\/2025\/06\/byt-doveryhodn-1-300x121.jpg\" class=\"attachment-medium size-medium wp-post-image\" alt=\"\" style=\"\" srcset=\"https:\/\/rentalkovo.com\/wp-content\/uploads\/2025\/06\/byt-doveryhodn-1-300x121.jpg 300w, https:\/\/rentalkovo.com\/wp-content\/uploads\/2025\/06\/byt-doveryhodn-1-768x309.jpg 768w, https:\/\/rentalkovo.com\/wp-content\/uploads\/2025\/06\/byt-doveryhodn-1.jpg 1024w\" sizes=\"auto, (max-width: 300px) 100vw, 300px\" \/><\/a><\/div><a class=\"wp-block-latest-posts__post-title\" href=\"https:\/\/rentalkovo.com\/sk\/trustworthy\/\">By\u0165 d\u00f4veryhodn\u00fd<\/a><div class=\"wp-block-latest-posts__post-excerpt\">Rentalkovo sp\u00e1ja d\u00f4veryhodn\u00fdch prenaj\u00edmate\u013eov s d\u00f4veryhodn\u00fdmi n\u00e1jomcami. Sna\u017e\u00ed sa zlep\u0161i\u0165 kult\u00faru b\u00fdvania vytv\u00e1ran\u00edm komunity \u013eud\u00ed, ktor\u00fdm sa dobre b\u00fdva a s\u00fa spokojn\u00ed s t\u00fdm, na ak\u00fdch podmienkach sa dohodli. \u010co\u2026 <a class=\"wp-block-latest-posts__read-more\" href=\"https:\/\/rentalkovo.com\/sk\/trustworthy\/\" rel=\"noopener noreferrer\">\u010c\u00edta\u0165 viac<span class=\"screen-reader-text\">: By\u0165 d\u00f4veryhodn\u00fd<\/span><\/a><\/div><\/li>\n<li><div class=\"wp-block-latest-posts__featured-image alignleft\"><a href=\"https:\/\/rentalkovo.com\/sk\/najomna-zmluva\/\" aria-label=\"N\u00e1jomn\u00e1 zmluva je viac ako len papier\"><img loading=\"lazy\" decoding=\"async\" width=\"300\" height=\"122\" src=\"https:\/\/rentalkovo.com\/wp-content\/uploads\/2025\/09\/hero-300x122.jpeg\" class=\"attachment-medium size-medium wp-post-image\" alt=\"\" style=\"\" srcset=\"https:\/\/rentalkovo.com\/wp-content\/uploads\/2025\/09\/hero-300x122.jpeg 300w, https:\/\/rentalkovo.com\/wp-content\/uploads\/2025\/09\/hero-768x312.jpeg 768w, https:\/\/rentalkovo.com\/wp-content\/uploads\/2025\/09\/hero.jpeg 960w\" sizes=\"auto, (max-width: 300px) 100vw, 300px\" \/><\/a><\/div><a class=\"wp-block-latest-posts__post-title\" href=\"https:\/\/rentalkovo.com\/sk\/najomna-zmluva\/\">N\u00e1jomn\u00e1 zmluva je viac ako len papier<\/a><div class=\"wp-block-latest-posts__post-excerpt\">N\u00e1jomn\u00e1 zmluva je viac ako papier, je to z\u00e1klad d\u00f4very Pren\u00e1jom bytu \u010di domu je v\u017edy o vz\u0165ahu. A ten by mal, okrem dobrej n\u00e1jomnej zmluvy, st\u00e1\u0165 na vz\u00e1jomnej d\u00f4vere\u2026 <a class=\"wp-block-latest-posts__read-more\" href=\"https:\/\/rentalkovo.com\/sk\/najomna-zmluva\/\" rel=\"noopener noreferrer\">\u010c\u00edta\u0165 viac<span class=\"screen-reader-text\">: N\u00e1jomn\u00e1 zmluva je viac ako len papier<\/span><\/a><\/div><\/li>\n<li><div class=\"wp-block-latest-posts__featured-image alignleft\"><a href=\"https:\/\/rentalkovo.com\/sk\/zmluva-kratkodoby-najom\/\" aria-label=\"N\u00e1jomn\u00e1 zmluva pod\u013ea z\u00e1kona o kr\u00e1tkodobom n\u00e1jme bytu\"><img loading=\"lazy\" decoding=\"async\" width=\"300\" height=\"122\" src=\"https:\/\/rentalkovo.com\/wp-content\/uploads\/2026\/01\/hero5-1-300x122.jpeg\" class=\"attachment-medium size-medium wp-post-image\" alt=\"\" style=\"\" srcset=\"https:\/\/rentalkovo.com\/wp-content\/uploads\/2026\/01\/hero5-1-300x122.jpeg 300w, https:\/\/rentalkovo.com\/wp-content\/uploads\/2026\/01\/hero5-1-768x312.jpeg 768w, https:\/\/rentalkovo.com\/wp-content\/uploads\/2026\/01\/hero5-1.jpeg 960w\" sizes=\"auto, (max-width: 300px) 100vw, 300px\" \/><\/a><\/div><a class=\"wp-block-latest-posts__post-title\" href=\"https:\/\/rentalkovo.com\/sk\/zmluva-kratkodoby-najom\/\">N\u00e1jomn\u00e1 zmluva pod\u013ea z\u00e1kona o kr\u00e1tkodobom n\u00e1jme bytu<\/a><div class=\"wp-block-latest-posts__post-excerpt\">Z\u00e1kon o kr\u00e1tkodobom n\u00e1jme bytu: Viac slobody a ochrany pre prenaj\u00edmate\u013ea Chce\u0161 ma\u0165 pri pren\u00e1jme bytu v\u00e4\u010d\u0161iu istotu a flexibilitu? Potom je pre Teba vhodn\u00fd sk\u00f4r Z\u00e1kon o kr\u00e1tkodobom n\u00e1jme\u2026 <a class=\"wp-block-latest-posts__read-more\" href=\"https:\/\/rentalkovo.com\/sk\/zmluva-kratkodoby-najom\/\" rel=\"noopener noreferrer\">\u010c\u00edta\u0165 viac<span class=\"screen-reader-text\">: N\u00e1jomn\u00e1 zmluva pod\u013ea z\u00e1kona o kr\u00e1tkodobom n\u00e1jme bytu<\/span><\/a><\/div><\/li>\n<li><div class=\"wp-block-latest-posts__featured-image alignleft\"><a href=\"https:\/\/rentalkovo.com\/sk\/zmluva-obciansky-zakonnik\/\" aria-label=\"N\u00e1jomn\u00e1 zmluva pod\u013ea ob\u010dianskeho z\u00e1konn\u00edka\"><img loading=\"lazy\" decoding=\"async\" width=\"300\" height=\"122\" src=\"https:\/\/rentalkovo.com\/wp-content\/uploads\/2026\/01\/hero4-1-300x122.jpeg\" class=\"attachment-medium size-medium wp-post-image\" alt=\"\" style=\"\" srcset=\"https:\/\/rentalkovo.com\/wp-content\/uploads\/2026\/01\/hero4-1-300x122.jpeg 300w, https:\/\/rentalkovo.com\/wp-content\/uploads\/2026\/01\/hero4-1-768x312.jpeg 768w, https:\/\/rentalkovo.com\/wp-content\/uploads\/2026\/01\/hero4-1.jpeg 960w\" sizes=\"auto, (max-width: 300px) 100vw, 300px\" \/><\/a><\/div><a class=\"wp-block-latest-posts__post-title\" href=\"https:\/\/rentalkovo.com\/sk\/zmluva-obciansky-zakonnik\/\">N\u00e1jomn\u00e1 zmluva pod\u013ea ob\u010dianskeho z\u00e1konn\u00edka<\/a><div class=\"wp-block-latest-posts__post-excerpt\">N\u00e1jomn\u00e1 zmluva pod\u013ea Ob\u010dianskeho z\u00e1konn\u00edka: Poznaj jej \u00faskalia aj v\u00fdhody Ob\u010diansky z\u00e1konn\u00edk (Z\u00e1kon \u010d. 40\/1964 Z. z., siedma hlava) je \u0161tandard, ktor\u00fd plat\u00ed pre ka\u017ed\u00fa n\u00e1jomn\u00fa zmluvu, pokia\u013e v\u00fdslovne neur\u010d\u00ed\u0161,\u2026 <a class=\"wp-block-latest-posts__read-more\" href=\"https:\/\/rentalkovo.com\/sk\/zmluva-obciansky-zakonnik\/\" rel=\"noopener noreferrer\">\u010c\u00edta\u0165 viac<span class=\"screen-reader-text\">: N\u00e1jomn\u00e1 zmluva pod\u013ea ob\u010dianskeho z\u00e1konn\u00edka<\/span><\/a><\/div><\/li>\n<li><div class=\"wp-block-latest-posts__featured-image alignleft\"><a href=\"https:\/\/rentalkovo.com\/sk\/preberaci-protokol\/\" aria-label=\"Preberac\u00ed protokol\"><img loading=\"lazy\" decoding=\"async\" width=\"300\" height=\"122\" src=\"https:\/\/rentalkovo.com\/wp-content\/uploads\/2026\/02\/hero_6-300x122.jpeg\" class=\"attachment-medium size-medium wp-post-image\" alt=\"\" style=\"\" srcset=\"https:\/\/rentalkovo.com\/wp-content\/uploads\/2026\/02\/hero_6-300x122.jpeg 300w, https:\/\/rentalkovo.com\/wp-content\/uploads\/2026\/02\/hero_6-768x312.jpeg 768w, https:\/\/rentalkovo.com\/wp-content\/uploads\/2026\/02\/hero_6.jpeg 960w\" sizes=\"auto, (max-width: 300px) 100vw, 300px\" \/><\/a><\/div><a class=\"wp-block-latest-posts__post-title\" href=\"https:\/\/rentalkovo.com\/sk\/preberaci-protokol\/\">Preberac\u00ed protokol<\/a><div class=\"wp-block-latest-posts__post-excerpt\">Nevyhnutn\u00fd dokument pri pren\u00e1jme nehnute\u013enosti Preberac\u00ed protokol je neodmyslite\u013enou s\u00fa\u010das\u0165ou ka\u017edej n\u00e1jomnej zmluvy. Sl\u00fa\u017ei ako d\u00f4kaz o stave nehnute\u013enosti v \u010dase jej odovzdania n\u00e1jomcovi a chr\u00e1ni pr\u00e1va oboch str\u00e1n. Jeho\u2026 <a class=\"wp-block-latest-posts__read-more\" href=\"https:\/\/rentalkovo.com\/sk\/preberaci-protokol\/\" rel=\"noopener noreferrer\">\u010c\u00edta\u0165 viac<span class=\"screen-reader-text\">: Preberac\u00ed protokol<\/span><\/a><\/div><\/li>\n<li><div class=\"wp-block-latest-posts__featured-image alignleft\"><a href=\"https:\/\/rentalkovo.com\/sk\/dane-z-prenajmu\/\" aria-label=\"V\u0161etko, \u010do potrebuje\u0161 vedie\u0165 o daniach z pren\u00e1jmu\"><img loading=\"lazy\" decoding=\"async\" width=\"300\" height=\"122\" src=\"https:\/\/rentalkovo.com\/wp-content\/uploads\/2025\/08\/hero-300x122.jpeg\" class=\"attachment-medium size-medium wp-post-image\" alt=\"\" style=\"\" srcset=\"https:\/\/rentalkovo.com\/wp-content\/uploads\/2025\/08\/hero-300x122.jpeg 300w, https:\/\/rentalkovo.com\/wp-content\/uploads\/2025\/08\/hero-768x312.jpeg 768w, https:\/\/rentalkovo.com\/wp-content\/uploads\/2025\/08\/hero.jpeg 960w\" sizes=\"auto, (max-width: 300px) 100vw, 300px\" \/><\/a><\/div><a class=\"wp-block-latest-posts__post-title\" href=\"https:\/\/rentalkovo.com\/sk\/dane-z-prenajmu\/\">V\u0161etko, \u010do potrebuje\u0161 vedie\u0165 o daniach z pren\u00e1jmu<\/a><div class=\"wp-block-latest-posts__post-excerpt\">Zda\u0148ova\u0165 alebo nezda\u0148ova\u0165 pr\u00edjem z pren\u00e1jmu? Ka\u017ed\u00fd z n\u00e1s si na t\u00fato ot\u00e1zku m\u00f4\u017ee odpoveda\u0165 po svojom. Nebudeme \u0164a presvied\u010da\u0165 ani moralizova\u0165, len zhrnieme v\u0161eobecn\u00e9 fakty a uvedieme jednoduch\u00e9 pr\u00edklady.\u2026 <a class=\"wp-block-latest-posts__read-more\" href=\"https:\/\/rentalkovo.com\/sk\/dane-z-prenajmu\/\" rel=\"noopener noreferrer\">\u010c\u00edta\u0165 viac<span class=\"screen-reader-text\">: V\u0161etko, \u010do potrebuje\u0161 vedie\u0165 o daniach z pren\u00e1jmu<\/span><\/a><\/div><\/li>\n<li><div class=\"wp-block-latest-posts__featured-image alignleft\"><a href=\"https:\/\/rentalkovo.com\/sk\/dan-z-prenajmu\/\" aria-label=\"Da\u0148 z pren\u00e1jmu bez stresu\"><img loading=\"lazy\" decoding=\"async\" width=\"300\" height=\"122\" src=\"https:\/\/rentalkovo.com\/wp-content\/uploads\/2026\/01\/hero-300x122.jpeg\" class=\"attachment-medium size-medium wp-post-image\" alt=\"\" style=\"\" srcset=\"https:\/\/rentalkovo.com\/wp-content\/uploads\/2026\/01\/hero-300x122.jpeg 300w, https:\/\/rentalkovo.com\/wp-content\/uploads\/2026\/01\/hero-768x312.jpeg 768w, https:\/\/rentalkovo.com\/wp-content\/uploads\/2026\/01\/hero.jpeg 960w\" sizes=\"auto, (max-width: 300px) 100vw, 300px\" \/><\/a><\/div><a class=\"wp-block-latest-posts__post-title\" href=\"https:\/\/rentalkovo.com\/sk\/dan-z-prenajmu\/\">Da\u0148 z pren\u00e1jmu bez stresu<\/a><div class=\"wp-block-latest-posts__post-excerpt\">Da\u0148 z pren\u00e1jmu je pre mnoh\u00fdch \u013eud\u00ed stra\u0161iak. Nie preto, \u017ee by nechceli plni\u0165 svoje povinnosti, ale preto, \u017ee da\u0148ov\u00e9 priznanie pri pren\u00e1jme nehnute\u013enosti si vy\u017eaduje preh\u013ead, discipl\u00ednu a mno\u017estvo\u2026 <a class=\"wp-block-latest-posts__read-more\" href=\"https:\/\/rentalkovo.com\/sk\/dan-z-prenajmu\/\" rel=\"noopener noreferrer\">\u010c\u00edta\u0165 viac<span class=\"screen-reader-text\">: Da\u0148 z pren\u00e1jmu bez stresu<\/span><\/a><\/div><\/li>\n<\/ul><\/div>\n","protected":false},"excerpt":{"rendered":"<p>Blog<\/p>\n","protected":false},"author":1,"featured_media":0,"parent":0,"menu_order":0,"comment_status":"closed","ping_status":"closed","template":"","meta":{"footnotes":""},"class_list":["post-1486","page","type-page","status-publish","hentry"],"_links":{"self":[{"href":"https:\/\/rentalkovo.com\/sk\/wp-json\/wp\/v2\/pages\/1486","targetHints":{"allow":["GET"]}}],"collection":[{"href":"https:\/\/rentalkovo.com\/sk\/wp-json\/wp\/v2\/pages"}],"about":[{"href":"https:\/\/rentalkovo.com\/sk\/wp-json\/wp\/v2\/types\/page"}],"author":[{"embeddable":true,"href":"https:\/\/rentalkovo.com\/sk\/wp-json\/wp\/v2\/users\/1"}],"replies":[{"embeddable":true,"href":"https:\/\/rentalkovo.com\/sk\/wp-json\/wp\/v2\/comments?post=1486"}],"version-history":[{"count":16,"href":"https:\/\/rentalkovo.com\/sk\/wp-json\/wp\/v2\/pages\/1486\/revisions"}],"predecessor-version":[{"id":1846,"href":"https:\/\/rentalkovo.com\/sk\/wp-json\/wp\/v2\/pages\/1486\/revisions\/1846"}],"wp:attachment":[{"href":"https:\/\/rentalkovo.com\/sk\/wp-json\/wp\/v2\/media?parent=1486"}],"curies":[{"name":"wp","href":"https:\/\/api.w.org\/{rel}","templated":true}]}}